{"id":3562,"date":"2020-04-16T22:02:36","date_gmt":"2020-04-16T20:02:36","guid":{"rendered":"https:\/\/shop.mfelsch.com\/?post_type=product&#038;p=3562"},"modified":"2021-05-02T16:24:48","modified_gmt":"2021-05-02T14:24:48","slug":"cities-stadt-69","status":"publish","type":"product","link":"https:\/\/mfelsch.com\/en\/produkt\/cities-stadt-69\/","title":{"rendered":"cities-stadt.69"},"content":{"rendered":"","protected":false},"excerpt":{"rendered":"<p>Die Klappkarten (18x13cm) mit Echtfoto eignen sich mit ihrem Passepartout gut f\u00fcr einen kleinen Bilderrahmen oder als besondere Gru\u00dfkarte. Sie sind handsigniert und einzeln in Schutzh\u00fcllen verpackt.<\/p>\n<p>Jede Karte kostet 4,50 \u20ac zzgl. Porto, ab 3 Karten je 4,00 \u20ac.<\/p>\n<p>EK-Preise bitte anfragen.<\/p>\n","protected":false},"featured_media":7462,"comment_status":"closed","ping_status":"closed","template":"","meta":[],"product_cat":[72],"product_tag":[71],"acf":[],"_links":{"self":[{"href":"https:\/\/mfelsch.com\/en\/wp-json\/wp\/v2\/product\/3562"}],"collection":[{"href":"https:\/\/mfelsch.com\/en\/wp-json\/wp\/v2\/product"}],"about":[{"href":"https:\/\/mfelsch.com\/en\/wp-json\/wp\/v2\/types\/product"}],"replies":[{"embeddable":true,"href":"https:\/\/mfelsch.com\/en\/wp-json\/wp\/v2\/comments?post=3562"}],"wp:featuredmedia":[{"embeddable":true,"href":"https:\/\/mfelsch.com\/en\/wp-json\/wp\/v2\/media\/7462"}],"wp:attachment":[{"href":"https:\/\/mfelsch.com\/en\/wp-json\/wp\/v2\/media?parent=3562"}],"wp:term":[{"taxonomy":"product_cat","embeddable":true,"href":"https:\/\/mfelsch.com\/en\/wp-json\/wp\/v2\/product_cat?post=3562"},{"taxonomy":"product_tag","embeddable":true,"href":"https:\/\/mfelsch.com\/en\/wp-json\/wp\/v2\/product_tag?post=3562"}],"curies":[{"name":"wp","href":"https:\/\/api.w.org\/{rel}","templated":true}]}}